{"id":41,"date":"2021-02-25T19:24:12","date_gmt":"2021-02-25T19:24:12","guid":{"rendered":"https:\/\/aquatecnia.com.gt\/?page_id=41"},"modified":"2022-05-12T19:12:52","modified_gmt":"2022-05-12T19:12:52","slug":"contactenos","status":"publish","type":"page","link":"https:\/\/aquatecnia.com.gt\/?page_id=41","title":{"rendered":"Cont\u00e1ctenos"},"content":{"rendered":"\t\t<div data-elementor-type=\"wp-page\" data-elementor-id=\"41\" class=\"elementor elementor-41\">\n\t\t\t\t\t\t\t\t\t<section class=\"elementor-section elementor-top-section elementor-element elementor-element-e6b9fd8 elementor-section-boxed elementor-section-height-default elementor-section-height-default\" data-id=\"e6b9fd8\" data-element_type=\"section\">\n\t\t\t\t\t\t<div class=\"elementor-container elementor-column-gap-default\">\n\t\t\t\t\t<div class=\"elementor-column elementor-col-50 elementor-top-column elementor-element elementor-element-75dc971\" data-id=\"75dc971\" data-element_type=\"column\">\n\t\t\t<div class=\"elementor-widget-wrap elementor-element-populated\">\n\t\t\t\t\t\t\t\t<div class=\"elementor-element elementor-element-916c684 elementor-widget elementor-widget-text-editor\" data-id=\"916c684\" data-element_type=\"widget\" data-widget_type=\"text-editor.default\">\n\t\t\t\t<div class=\"elementor-widget-container\">\n\t\t\t\t\t\t\t<h1>Visita nuestras tiendas y redes sociales<\/h1>\t\t\t\t\t\t<\/div>\n\t\t\t\t<\/div>\n\t\t\t\t\t<\/div>\n\t\t<\/div>\n\t\t\t\t<div class=\"elementor-column elementor-col-50 elementor-top-column elementor-element elementor-element-a063866\" data-id=\"a063866\" data-element_type=\"column\">\n\t\t\t<div class=\"elementor-widget-wrap elementor-element-populated\">\n\t\t\t\t\t\t\t\t<div class=\"elementor-element elementor-element-9da6729 elementor-shape-rounded elementor-grid-0 e-grid-align-center elementor-widget elementor-widget-social-icons\" data-id=\"9da6729\" data-element_type=\"widget\" data-widget_type=\"social-icons.default\">\n\t\t\t\t<div class=\"elementor-widget-container\">\n\t\t\t\t\t<div class=\"elementor-social-icons-wrapper elementor-grid\">\n\t\t\t\t\t\t\t<span class=\"elementor-grid-item\">\n\t\t\t\t\t<a class=\"elementor-icon elementor-social-icon elementor-social-icon-facebook elementor-repeater-item-d4944c0\" href=\"https:\/\/www.facebook.com\/solucionensistemasdeagua\/?hc_ref=ARRPE_KnxM4z0L25jbs3R1t96TiMFxyY3nVmVE9kch6JpnyOfzO2pTnE1ec64LaxMvI&#038;fref=nf&#038;__tn__=kC-R\" target=\"_blank\">\n\t\t\t\t\t\t<span class=\"elementor-screen-only\">Facebook<\/span>\n\t\t\t\t\t\t<i class=\"fab fa-facebook\"><\/i>\t\t\t\t\t<\/a>\n\t\t\t\t<\/span>\n\t\t\t\t\t\t\t<span class=\"elementor-grid-item\">\n\t\t\t\t\t<a class=\"elementor-icon elementor-social-icon elementor-social-icon-youtube elementor-repeater-item-004ebce\" href=\"https:\/\/www.youtube.com\/channel\/UCwgptR4f_LCoO8ZKLY_gYcw\" target=\"_blank\">\n\t\t\t\t\t\t<span class=\"elementor-screen-only\">Youtube<\/span>\n\t\t\t\t\t\t<i class=\"fab fa-youtube\"><\/i>\t\t\t\t\t<\/a>\n\t\t\t\t<\/span>\n\t\t\t\t\t<\/div>\n\t\t\t\t<\/div>\n\t\t\t\t<\/div>\n\t\t\t\t\t<\/div>\n\t\t<\/div>\n\t\t\t\t\t\t\t<\/div>\n\t\t<\/section>\n\t\t\t\t<section class=\"elementor-section elementor-top-section elementor-element elementor-element-d662f8d elementor-section-boxed elementor-section-height-default elementor-section-height-default\" data-id=\"d662f8d\" data-element_type=\"section\">\n\t\t\t\t\t\t<div class=\"elementor-container elementor-column-gap-default\">\n\t\t\t\t\t<div class=\"elementor-column elementor-col-33 elementor-top-column elementor-element elementor-element-4a7f3a1\" data-id=\"4a7f3a1\" data-element_type=\"column\">\n\t\t\t<div class=\"elementor-widget-wrap elementor-element-populated\">\n\t\t\t\t\t\t\t\t<div class=\"elementor-element elementor-element-a18075f elementor-widget elementor-widget-text-editor\" data-id=\"a18075f\" data-element_type=\"widget\" data-widget_type=\"text-editor.default\">\n\t\t\t\t<div class=\"elementor-widget-container\">\n\t\t\t\t\t\t\t<h1>Coatepeque:&nbsp;<\/h1>\n<p>3ra. Avenida 11-32 Zona 2, Boulevard Henry Sierra, Lotificaci\u00f3n Las Conchitas, Coatepeque, Quetzaltenango.<\/p>\n<p>Telefono: 7796-5007<\/p>\n<p>Horario de atenci\u00f3n: 7:00 a. m. &#8211; 5:00 p.m.&nbsp;<\/p>\n<p><\/p>\t\t\t\t\t\t<\/div>\n\t\t\t\t<\/div>\n\t\t\t\t\t<\/div>\n\t\t<\/div>\n\t\t\t\t<div class=\"elementor-column elementor-col-33 elementor-top-column elementor-element elementor-element-7cfe89c\" data-id=\"7cfe89c\" data-element_type=\"column\">\n\t\t\t<div class=\"elementor-widget-wrap elementor-element-populated\">\n\t\t\t\t\t\t\t\t<div class=\"elementor-element elementor-element-386e960 elementor-widget elementor-widget-image\" data-id=\"386e960\" data-element_type=\"widget\" data-widget_type=\"image.default\">\n\t\t\t\t<div class=\"elementor-widget-container\">\n\t\t\t\t\t\t\t\t\t\t\t\t\t\t\t<img loading=\"lazy\" decoding=\"async\" width=\"1000\" height=\"750\" src=\"https:\/\/aquatecnia.com.gt\/wp-content\/uploads\/2021\/07\/WhatsApp-Image-2021-07-12-at-12.31.04-PM.jpeg\" class=\"attachment-large size-large\" alt=\"\" srcset=\"https:\/\/aquatecnia.com.gt\/wp-content\/uploads\/2021\/07\/WhatsApp-Image-2021-07-12-at-12.31.04-PM.jpeg 1000w, https:\/\/aquatecnia.com.gt\/wp-content\/uploads\/2021\/07\/WhatsApp-Image-2021-07-12-at-12.31.04-PM-300x225.jpeg 300w, https:\/\/aquatecnia.com.gt\/wp-content\/uploads\/2021\/07\/WhatsApp-Image-2021-07-12-at-12.31.04-PM-768x576.jpeg 768w\" sizes=\"auto, (max-width: 1000px) 100vw, 1000px\" \/>\t\t\t\t\t\t\t\t\t\t\t\t\t\t\t<\/div>\n\t\t\t\t<\/div>\n\t\t\t\t\t<\/div>\n\t\t<\/div>\n\t\t\t\t<div class=\"elementor-column elementor-col-33 elementor-top-column elementor-element elementor-element-9d61fb5\" data-id=\"9d61fb5\" data-element_type=\"column\">\n\t\t\t<div class=\"elementor-widget-wrap elementor-element-populated\">\n\t\t\t\t\t\t\t\t<div class=\"elementor-element elementor-element-1a5eb04 elementor-widget elementor-widget-google_maps\" data-id=\"1a5eb04\" data-element_type=\"widget\" data-widget_type=\"google_maps.default\">\n\t\t\t\t<div class=\"elementor-widget-container\">\n\t\t\t\t\t<div class=\"elementor-custom-embed\">\n\t\t\t<iframe frameborder=\"0\" scrolling=\"no\" marginheight=\"0\" marginwidth=\"0\"\n\t\t\t\t\tsrc=\"https:\/\/www.google.com\/maps\/embed\/v1\/place?key=Ironfire22@&#038;q=13%2011-37%2C%20Coatepeque&#038;zoom=10\"\n\t\t\t\t\ttitle=\"13 11-37, Coatepeque\"\n\t\t\t\t\taria-label=\"13 11-37, Coatepeque\"\n\t\t\t><\/iframe>\n\t\t<\/div>\n\t\t\t\t<\/div>\n\t\t\t\t<\/div>\n\t\t\t\t\t<\/div>\n\t\t<\/div>\n\t\t\t\t\t\t\t<\/div>\n\t\t<\/section>\n\t\t\t\t<section class=\"elementor-section elementor-top-section elementor-element elementor-element-eac55ee elementor-section-boxed elementor-section-height-default elementor-section-height-default\" data-id=\"eac55ee\" data-element_type=\"section\">\n\t\t\t\t\t\t<div class=\"elementor-container elementor-column-gap-default\">\n\t\t\t\t\t<div class=\"elementor-column elementor-col-33 elementor-top-column elementor-element elementor-element-231a777\" data-id=\"231a777\" data-element_type=\"column\">\n\t\t\t<div class=\"elementor-widget-wrap elementor-element-populated\">\n\t\t\t\t\t\t\t\t<div class=\"elementor-element elementor-element-058973a elementor-widget elementor-widget-text-editor\" data-id=\"058973a\" data-element_type=\"widget\" data-widget_type=\"text-editor.default\">\n\t\t\t\t<div class=\"elementor-widget-container\">\n\t\t\t\t\t\t\t<h1>Retalhuleu:<\/h1><p>7a. Avenida 11-40 Zona 1, Calzada Las Palmas, Retalhuleu.<\/p><p>Tel\u00e9fono: 7771-4507<\/p><p>Horario de atenci\u00f3n: 7:00 a.m. &#8211; 5:00 p.m.\u00a0<\/p>\t\t\t\t\t\t<\/div>\n\t\t\t\t<\/div>\n\t\t\t\t\t<\/div>\n\t\t<\/div>\n\t\t\t\t<div class=\"elementor-column elementor-col-33 elementor-top-column elementor-element elementor-element-05e3c19\" data-id=\"05e3c19\" data-element_type=\"column\">\n\t\t\t<div class=\"elementor-widget-wrap elementor-element-populated\">\n\t\t\t\t\t\t\t\t<div class=\"elementor-element elementor-element-52884bd elementor-widget elementor-widget-image\" data-id=\"52884bd\" data-element_type=\"widget\" data-widget_type=\"image.default\">\n\t\t\t\t<div class=\"elementor-widget-container\">\n\t\t\t\t\t\t\t\t\t\t\t\t\t\t\t<img loading=\"lazy\" decoding=\"async\" width=\"1024\" height=\"461\" src=\"https:\/\/aquatecnia.com.gt\/wp-content\/uploads\/2021\/07\/WhatsApp-Image-2021-07-13-at-9.06.00-AM-1024x461.jpeg\" class=\"attachment-large size-large\" alt=\"\" srcset=\"https:\/\/aquatecnia.com.gt\/wp-content\/uploads\/2021\/07\/WhatsApp-Image-2021-07-13-at-9.06.00-AM-1024x461.jpeg 1024w, https:\/\/aquatecnia.com.gt\/wp-content\/uploads\/2021\/07\/WhatsApp-Image-2021-07-13-at-9.06.00-AM-300x135.jpeg 300w, https:\/\/aquatecnia.com.gt\/wp-content\/uploads\/2021\/07\/WhatsApp-Image-2021-07-13-at-9.06.00-AM-768x346.jpeg 768w, https:\/\/aquatecnia.com.gt\/wp-content\/uploads\/2021\/07\/WhatsApp-Image-2021-07-13-at-9.06.00-AM.jpeg 1280w\" sizes=\"auto, (max-width: 1024px) 100vw, 1024px\" \/>\t\t\t\t\t\t\t\t\t\t\t\t\t\t\t<\/div>\n\t\t\t\t<\/div>\n\t\t\t\t\t<\/div>\n\t\t<\/div>\n\t\t\t\t<div class=\"elementor-column elementor-col-33 elementor-top-column elementor-element elementor-element-2189700\" data-id=\"2189700\" data-element_type=\"column\">\n\t\t\t<div class=\"elementor-widget-wrap elementor-element-populated\">\n\t\t\t\t\t\t\t\t<div class=\"elementor-element elementor-element-bfe822d elementor-widget elementor-widget-google_maps\" data-id=\"bfe822d\" data-element_type=\"widget\" data-widget_type=\"google_maps.default\">\n\t\t\t\t<div class=\"elementor-widget-container\">\n\t\t\t\t\t<div class=\"elementor-custom-embed\">\n\t\t\t<iframe frameborder=\"0\" scrolling=\"no\" marginheight=\"0\" marginwidth=\"0\"\n\t\t\t\t\tsrc=\"https:\/\/www.google.com\/maps\/embed\/v1\/place?key=Ironfire22@&#038;q=Calzada%20Las%20Palmas%2C%207a%20Avenida%2C%20Retalhuleu&#038;zoom=10\"\n\t\t\t\t\ttitle=\"Calzada Las Palmas, 7a Avenida, Retalhuleu\"\n\t\t\t\t\taria-label=\"Calzada Las Palmas, 7a Avenida, Retalhuleu\"\n\t\t\t><\/iframe>\n\t\t<\/div>\n\t\t\t\t<\/div>\n\t\t\t\t<\/div>\n\t\t\t\t\t<\/div>\n\t\t<\/div>\n\t\t\t\t\t\t\t<\/div>\n\t\t<\/section>\n\t\t\t\t<section class=\"elementor-section elementor-top-section elementor-element elementor-element-f23b2df elementor-section-boxed elementor-section-height-default elementor-section-height-default\" data-id=\"f23b2df\" data-element_type=\"section\">\n\t\t\t\t\t\t<div class=\"elementor-container elementor-column-gap-default\">\n\t\t\t\t\t<div class=\"elementor-column elementor-col-33 elementor-top-column elementor-element elementor-element-823440e\" data-id=\"823440e\" data-element_type=\"column\">\n\t\t\t<div class=\"elementor-widget-wrap elementor-element-populated\">\n\t\t\t\t\t\t\t\t<div class=\"elementor-element elementor-element-b476fc2 elementor-widget elementor-widget-text-editor\" data-id=\"b476fc2\" data-element_type=\"widget\" data-widget_type=\"text-editor.default\">\n\t\t\t\t<div class=\"elementor-widget-container\">\n\t\t\t\t\t\t\t<h1>Puerto San Jos\u00e9:<\/h1><p>Aldea Modelo La Esso, Calle Principal Lote 14 Apartamento \u00abA\u00bb, Puerto San Jos\u00e9, Escuintla.\u00a0<\/p><p>Tel\u00e9fono: 7930-4062\u00a0<\/p><p>Horario de atenci\u00f3n: 7:00 a.m. &#8211; 5:00 p.m.\u00a0<\/p>\t\t\t\t\t\t<\/div>\n\t\t\t\t<\/div>\n\t\t\t\t\t<\/div>\n\t\t<\/div>\n\t\t\t\t<div class=\"elementor-column elementor-col-33 elementor-top-column elementor-element elementor-element-93b7f3c\" data-id=\"93b7f3c\" data-element_type=\"column\">\n\t\t\t<div class=\"elementor-widget-wrap elementor-element-populated\">\n\t\t\t\t\t\t\t\t<div class=\"elementor-element elementor-element-f40e852 elementor-widget elementor-widget-image\" data-id=\"f40e852\" data-element_type=\"widget\" data-widget_type=\"image.default\">\n\t\t\t\t<div class=\"elementor-widget-container\">\n\t\t\t\t\t\t\t\t\t\t\t\t\t\t\t<img loading=\"lazy\" decoding=\"async\" width=\"1024\" height=\"576\" src=\"https:\/\/aquatecnia.com.gt\/wp-content\/uploads\/2021\/07\/WhatsApp-Image-2021-07-12-at-1.33.03-PM-1024x576.jpeg\" class=\"attachment-large size-large\" alt=\"\" srcset=\"https:\/\/aquatecnia.com.gt\/wp-content\/uploads\/2021\/07\/WhatsApp-Image-2021-07-12-at-1.33.03-PM-1024x576.jpeg 1024w, https:\/\/aquatecnia.com.gt\/wp-content\/uploads\/2021\/07\/WhatsApp-Image-2021-07-12-at-1.33.03-PM-300x169.jpeg 300w, https:\/\/aquatecnia.com.gt\/wp-content\/uploads\/2021\/07\/WhatsApp-Image-2021-07-12-at-1.33.03-PM-768x432.jpeg 768w, https:\/\/aquatecnia.com.gt\/wp-content\/uploads\/2021\/07\/WhatsApp-Image-2021-07-12-at-1.33.03-PM.jpeg 1280w\" sizes=\"auto, (max-width: 1024px) 100vw, 1024px\" \/>\t\t\t\t\t\t\t\t\t\t\t\t\t\t\t<\/div>\n\t\t\t\t<\/div>\n\t\t\t\t\t<\/div>\n\t\t<\/div>\n\t\t\t\t<div class=\"elementor-column elementor-col-33 elementor-top-column elementor-element elementor-element-3688344\" data-id=\"3688344\" data-element_type=\"column\">\n\t\t\t<div class=\"elementor-widget-wrap elementor-element-populated\">\n\t\t\t\t\t\t\t\t<div class=\"elementor-element elementor-element-af46d9b elementor-widget elementor-widget-google_maps\" data-id=\"af46d9b\" data-element_type=\"widget\" data-widget_type=\"google_maps.default\">\n\t\t\t\t<div class=\"elementor-widget-container\">\n\t\t\t\t\t<div class=\"elementor-custom-embed\">\n\t\t\t<iframe frameborder=\"0\" scrolling=\"no\" marginheight=\"0\" marginwidth=\"0\"\n\t\t\t\t\tsrc=\"https:\/\/www.google.com\/maps\/embed\/v1\/place?key=Ironfire22@&#038;q=Puerto%20San%20Jos%C3%A9&#038;zoom=10\"\n\t\t\t\t\ttitle=\"Puerto San Jos\u00e9\"\n\t\t\t\t\taria-label=\"Puerto San Jos\u00e9\"\n\t\t\t><\/iframe>\n\t\t<\/div>\n\t\t\t\t<\/div>\n\t\t\t\t<\/div>\n\t\t\t\t\t<\/div>\n\t\t<\/div>\n\t\t\t\t\t\t\t<\/div>\n\t\t<\/section>\n\t\t\t\t<section class=\"elementor-section elementor-top-section elementor-element elementor-element-0453744 elementor-section-boxed elementor-section-height-default elementor-section-height-default\" data-id=\"0453744\" data-element_type=\"section\">\n\t\t\t\t\t\t<div class=\"elementor-container elementor-column-gap-default\">\n\t\t\t\t\t<div class=\"elementor-column elementor-col-33 elementor-top-column elementor-element elementor-element-5b3d9a1\" data-id=\"5b3d9a1\" data-element_type=\"column\">\n\t\t\t<div class=\"elementor-widget-wrap elementor-element-populated\">\n\t\t\t\t\t\t\t\t<div class=\"elementor-element elementor-element-87486d0 elementor-widget elementor-widget-text-editor\" data-id=\"87486d0\" data-element_type=\"widget\" data-widget_type=\"text-editor.default\">\n\t\t\t\t<div class=\"elementor-widget-container\">\n\t\t\t\t\t\t\t<h1><span style=\"color: #808080;\"><strong><span style=\"color: #808080;\">Tec\u00fan Um\u00e1n<\/span>\u00a0<\/strong><\/span><\/h1><p>5ta. Avenida Zona 1, Ciudad de Tec\u00fan Um\u00e1n, San Marcos.\u00a0<\/p><p>Tel\u00e9fono: 4125-8549<\/p><p>Horario de atenci\u00f3n: 8:00 a.m. &#8211; 5:00 p.m.<\/p>\t\t\t\t\t\t<\/div>\n\t\t\t\t<\/div>\n\t\t\t\t\t<\/div>\n\t\t<\/div>\n\t\t\t\t<div class=\"elementor-column elementor-col-33 elementor-top-column elementor-element elementor-element-ed969b6\" data-id=\"ed969b6\" data-element_type=\"column\">\n\t\t\t<div class=\"elementor-widget-wrap elementor-element-populated\">\n\t\t\t\t\t\t\t\t<div class=\"elementor-element elementor-element-e91b304 elementor-widget elementor-widget-image\" data-id=\"e91b304\" data-element_type=\"widget\" data-widget_type=\"image.default\">\n\t\t\t\t<div class=\"elementor-widget-container\">\n\t\t\t\t\t\t\t\t\t\t\t\t\t\t\t<img loading=\"lazy\" decoding=\"async\" width=\"1024\" height=\"788\" src=\"https:\/\/aquatecnia.com.gt\/wp-content\/uploads\/2022\/05\/WhatsApp-Image-2022-05-12-at-1.03.39-PM-1024x788.jpeg\" class=\"attachment-large size-large\" alt=\"\" srcset=\"https:\/\/aquatecnia.com.gt\/wp-content\/uploads\/2022\/05\/WhatsApp-Image-2022-05-12-at-1.03.39-PM-1024x788.jpeg 1024w, https:\/\/aquatecnia.com.gt\/wp-content\/uploads\/2022\/05\/WhatsApp-Image-2022-05-12-at-1.03.39-PM-300x231.jpeg 300w, https:\/\/aquatecnia.com.gt\/wp-content\/uploads\/2022\/05\/WhatsApp-Image-2022-05-12-at-1.03.39-PM-768x591.jpeg 768w, https:\/\/aquatecnia.com.gt\/wp-content\/uploads\/2022\/05\/WhatsApp-Image-2022-05-12-at-1.03.39-PM.jpeg 1169w\" sizes=\"auto, (max-width: 1024px) 100vw, 1024px\" \/>\t\t\t\t\t\t\t\t\t\t\t\t\t\t\t<\/div>\n\t\t\t\t<\/div>\n\t\t\t\t\t<\/div>\n\t\t<\/div>\n\t\t\t\t<div class=\"elementor-column elementor-col-33 elementor-top-column elementor-element elementor-element-cdca28f\" data-id=\"cdca28f\" data-element_type=\"column\">\n\t\t\t<div class=\"elementor-widget-wrap elementor-element-populated\">\n\t\t\t\t\t\t\t\t<div class=\"elementor-element elementor-element-da00fec elementor-widget elementor-widget-google_maps\" data-id=\"da00fec\" data-element_type=\"widget\" data-widget_type=\"google_maps.default\">\n\t\t\t\t<div class=\"elementor-widget-container\">\n\t\t\t\t\t<div class=\"elementor-custom-embed\">\n\t\t\t<iframe frameborder=\"0\" scrolling=\"no\" marginheight=\"0\" marginwidth=\"0\"\n\t\t\t\t\tsrc=\"https:\/\/www.google.com\/maps\/embed\/v1\/place?key=Ironfire22@&#038;q=RN-8%2C%20Cdad.%20Tec%C3%BAn%20Um%C3%A1n%2012017%2C%20Guatemala&#038;zoom=10\"\n\t\t\t\t\ttitle=\"RN-8, Cdad. Tec\u00fan Um\u00e1n 12017, Guatemala\"\n\t\t\t\t\taria-label=\"RN-8, Cdad. Tec\u00fan Um\u00e1n 12017, Guatemala\"\n\t\t\t><\/iframe>\n\t\t<\/div>\n\t\t\t\t<\/div>\n\t\t\t\t<\/div>\n\t\t\t\t\t<\/div>\n\t\t<\/div>\n\t\t\t\t\t\t\t<\/div>\n\t\t<\/section>\n\t\t\t\t<section class=\"elementor-section elementor-top-section elementor-element elementor-element-64f4582 elementor-section-boxed elementor-section-height-default elementor-section-height-default\" data-id=\"64f4582\" data-element_type=\"section\">\n\t\t\t\t\t\t<div class=\"elementor-container elementor-column-gap-default\">\n\t\t\t\t\t<div class=\"elementor-column elementor-col-100 elementor-top-column elementor-element elementor-element-dccf240\" data-id=\"dccf240\" data-element_type=\"column\">\n\t\t\t<div class=\"elementor-widget-wrap elementor-element-populated\">\n\t\t\t\t\t\t\t\t<div class=\"elementor-element elementor-element-8f8c0c6 elementor-widget elementor-widget-shortcode\" data-id=\"8f8c0c6\" data-element_type=\"widget\" data-widget_type=\"shortcode.default\">\n\t\t\t\t<div class=\"elementor-widget-container\">\n\t\t\t\t\t<div class=\"elementor-shortcode\"><div class=\"wpforms-container wpforms-container-full\" id=\"wpforms-133\"><form id=\"wpforms-form-133\" class=\"wpforms-validate wpforms-form wpforms-ajax-form\" data-formid=\"133\" method=\"post\" enctype=\"multipart\/form-data\" action=\"\/index.php?rest_route=%2Fwp%2Fv2%2Fpages%2F41\" data-token=\"c2ea24f6e867610d18f99208f739a65b\" data-token-time=\"1777041359\"><noscript class=\"wpforms-error-noscript\">Por favor, activa JavaScript en tu navegador para completar este formulario.<\/noscript><div class=\"wpforms-field-container\"><div id=\"wpforms-133-field_0-container\" class=\"wpforms-field wpforms-field-name wpforms-one-half wpforms-first\" data-field-id=\"0\"><label class=\"wpforms-field-label wpforms-label-hide\" for=\"wpforms-133-field_0\">Nombre <span class=\"wpforms-required-label\">*<\/span><\/label><input type=\"text\" id=\"wpforms-133-field_0\" class=\"wpforms-field-large wpforms-field-required\" name=\"wpforms[fields][0]\" placeholder=\"Nombre\" required><\/div><div id=\"wpforms-133-field_1-container\" class=\"wpforms-field wpforms-field-email wpforms-one-half\" data-field-id=\"1\"><label class=\"wpforms-field-label wpforms-label-hide\" for=\"wpforms-133-field_1\">Correo electr\u00f3nico <span class=\"wpforms-required-label\">*<\/span><\/label><input type=\"email\" id=\"wpforms-133-field_1\" class=\"wpforms-field-large wpforms-field-required\" name=\"wpforms[fields][1]\" placeholder=\"Correo electr\u00f3nico\" spellcheck=\"false\" required><\/div><div id=\"wpforms-133-field_2-container\" class=\"wpforms-field wpforms-field-textarea\" data-field-id=\"2\"><label class=\"wpforms-field-label wpforms-label-hide\" for=\"wpforms-133-field_2\">Comentario o mensaje <span class=\"wpforms-required-label\">*<\/span><\/label><textarea id=\"wpforms-133-field_2\" class=\"wpforms-field-medium wpforms-field-required\" name=\"wpforms[fields][2]\" placeholder=\"Comentario o mensaje\" required><\/textarea><\/div><div id=\"wpforms-133-field_4-container\" class=\"wpforms-field wpforms-field-checkbox\" data-field-id=\"4\"><label class=\"wpforms-field-label wpforms-label-hide\">Casillas de verificaci\u00f3n <span class=\"wpforms-required-label\">*<\/span><\/label><ul id=\"wpforms-133-field_4\" class=\"wpforms-field-required\"><li class=\"choice-1 depth-1\"><input type=\"checkbox\" id=\"wpforms-133-field_4_1\" name=\"wpforms[fields][4][]\" value=\"Aceptar\" required ><label class=\"wpforms-field-label-inline\" for=\"wpforms-133-field_4_1\">Aceptar<\/label><\/li><\/ul><\/div><\/div><!-- .wpforms-field-container --><div class=\"wpforms-submit-container\" ><input type=\"hidden\" name=\"wpforms[id]\" value=\"133\"><input type=\"hidden\" name=\"page_title\" value=\"\"><input type=\"hidden\" name=\"page_url\" value=\"https:\/\/aquatecnia.com.gt\/index.php?rest_route=\/wp\/v2\/pages\/41\"><input type=\"hidden\" name=\"url_referer\" value=\"\"><button type=\"submit\" name=\"wpforms[submit]\" id=\"wpforms-submit-133\" class=\"wpforms-submit\" data-alt-text=\"Enviando...\" data-submit-text=\"Enviar\" aria-live=\"assertive\" value=\"wpforms-submit\">Enviar<\/button><img loading=\"lazy\" decoding=\"async\" src=\"https:\/\/aquatecnia.com.gt\/wp-content\/plugins\/wpforms-lite\/assets\/images\/submit-spin.svg\" class=\"wpforms-submit-spinner\" style=\"display: none;\" width=\"26\" height=\"26\" alt=\"Cargando\"><\/div><\/form><\/div>  <!-- .wpforms-container --><\/div>\n\t\t\t\t<\/div>\n\t\t\t\t<\/div>\n\t\t\t\t\t<\/div>\n\t\t<\/div>\n\t\t\t\t\t\t\t<\/div>\n\t\t<\/section>\n\t\t\t\t\t\t\t<\/div>\n\t\t","protected":false},"excerpt":{"rendered":"<p>Visita nuestras tiendas y redes sociales Facebook Youtube Coatepeque:&nbsp; 3ra. Avenida 11-32 Zona 2, Boulevard Henry Sierra, Lotificaci\u00f3n Las Conchitas, Coatepeque, Quetzaltenango. Telefono: 7796-5007 Horario de atenci\u00f3n: 7:00 a. m. &#8211; 5:00 p.m.&nbsp; Retalhuleu: 7a. Avenida 11-40 Zona 1, Calzada Las Palmas, Retalhuleu. Tel\u00e9fono: 7771-4507 Horario de atenci\u00f3n: 7:00 a.m. &#8211; 5:00 p.m.&nbsp; Puerto San&hellip;&nbsp;<a href=\"https:\/\/aquatecnia.com.gt\/?page_id=41\" rel=\"bookmark\">Leer m\u00e1s &raquo;<span class=\"screen-reader-text\">Cont\u00e1ctenos<\/span><\/a><\/p>\n","protected":false},"author":1,"featured_media":0,"parent":0,"menu_order":0,"comment_status":"closed","ping_status":"closed","template":"","meta":{"neve_meta_sidebar":"full-width","neve_meta_container":"","neve_meta_enable_content_width":"on","neve_meta_content_width":100,"neve_meta_title_alignment":"","neve_meta_author_avatar":"","neve_post_elements_order":"","neve_meta_disable_header":"","neve_meta_disable_footer":"","neve_meta_disable_title":"","footnotes":""},"class_list":["post-41","page","type-page","status-publish","hentry"],"_links":{"self":[{"href":"https:\/\/aquatecnia.com.gt\/index.php?rest_route=\/wp\/v2\/pages\/41","targetHints":{"allow":["GET"]}}],"collection":[{"href":"https:\/\/aquatecnia.com.gt\/index.php?rest_route=\/wp\/v2\/pages"}],"about":[{"href":"https:\/\/aquatecnia.com.gt\/index.php?rest_route=\/wp\/v2\/types\/page"}],"author":[{"embeddable":true,"href":"https:\/\/aquatecnia.com.gt\/index.php?rest_route=\/wp\/v2\/users\/1"}],"replies":[{"embeddable":true,"href":"https:\/\/aquatecnia.com.gt\/index.php?rest_route=%2Fwp%2Fv2%2Fcomments&post=41"}],"version-history":[{"count":37,"href":"https:\/\/aquatecnia.com.gt\/index.php?rest_route=\/wp\/v2\/pages\/41\/revisions"}],"predecessor-version":[{"id":1004,"href":"https:\/\/aquatecnia.com.gt\/index.php?rest_route=\/wp\/v2\/pages\/41\/revisions\/1004"}],"wp:attachment":[{"href":"https:\/\/aquatecnia.com.gt\/index.php?rest_route=%2Fwp%2Fv2%2Fmedia&parent=41"}],"curies":[{"name":"wp","href":"https:\/\/api.w.org\/{rel}","templated":true}]}}